{"id":3001,"date":"2025-03-03T16:41:16","date_gmt":"2025-03-03T16:41:16","guid":{"rendered":"https:\/\/dikton.it\/hr-temporary-management\/"},"modified":"2025-03-27T09:29:14","modified_gmt":"2025-03-27T09:29:14","slug":"hr-temporary-management","status":"publish","type":"page","link":"https:\/\/dikton.it\/en\/hr-temporary-management\/","title":{"rendered":"HR Temporary Management"},"content":{"rendered":"\t\t<div data-elementor-type=\"wp-page\" data-elementor-id=\"3001\" class=\"elementor elementor-3001 elementor-2153\" data-elementor-post-type=\"page\">\n\t\t\t\t\t\t<section class=\"elementor-section elementor-top-section elementor-element elementor-element-4c741fa elementor-section-boxed elementor-section-height-default elementor-section-height-default\" data-id=\"4c741fa\" data-element_type=\"section\" data-e-type=\"section\" data-settings=\"{&quot;background_background&quot;:&quot;classic&quot;}\">\n\t\t\t\t\t\t\t<div class=\"elementor-background-overlay\"><\/div>\n\t\t\t\t\t\t\t<div class=\"elementor-container elementor-column-gap-default\">\n\t\t\t\t\t<div class=\"elementor-column elementor-col-100 elementor-top-column elementor-element elementor-element-3393eee\" data-id=\"3393eee\" data-element_type=\"column\" data-e-type=\"column\">\n\t\t\t<div class=\"elementor-widget-wrap elementor-element-populated\">\n\t\t\t\t\t\t<div class=\"elementor-element elementor-element-965929e elementor-widget elementor-widget-spacer\" data-id=\"965929e\" data-element_type=\"widget\" data-e-type=\"widget\" data-widget_type=\"spacer.default\">\n\t\t\t\t<div class=\"elementor-widget-container\">\n\t\t\t\t\t\t\t<div class=\"elementor-spacer\">\n\t\t\t<div class=\"elementor-spacer-inner\"><\/div>\n\t\t<\/div>\n\t\t\t\t\t\t<\/div>\n\t\t\t\t<\/div>\n\t\t\t\t<div class=\"elementor-element elementor-element-2c092ca elementor-widget elementor-widget-heading\" data-id=\"2c092ca\" data-element_type=\"widget\" data-e-type=\"widget\" data-widget_type=\"heading.default\">\n\t\t\t\t<div class=\"elementor-widget-container\">\n\t\t\t\t\t<h2 class=\"elementor-heading-title elementor-size-default\">HR TEMPORARY MANAGEMENT<\/h2>\t\t\t\t<\/div>\n\t\t\t\t<\/div>\n\t\t\t\t<div class=\"elementor-element elementor-element-1180b49 elementor-hidden-desktop elementor-hidden-tablet elementor-hidden-mobile elementor-widget elementor-widget-heading\" data-id=\"1180b49\" data-element_type=\"widget\" data-e-type=\"widget\" data-widget_type=\"heading.default\">\n\t\t\t\t<div class=\"elementor-widget-container\">\n\t\t\t\t\t<h1 class=\"elementor-heading-title elementor-size-default\">Acting on corporate organization<\/h1>\t\t\t\t<\/div>\n\t\t\t\t<\/div>\n\t\t\t\t<div class=\"elementor-element elementor-element-0264874 elementor-widget elementor-widget-spacer\" data-id=\"0264874\" data-element_type=\"widget\" data-e-type=\"widget\" data-widget_type=\"spacer.default\">\n\t\t\t\t<div class=\"elementor-widget-container\">\n\t\t\t\t\t\t\t<div class=\"elementor-spacer\">\n\t\t\t<div class=\"elementor-spacer-inner\"><\/div>\n\t\t<\/div>\n\t\t\t\t\t\t<\/div>\n\t\t\t\t<\/div>\n\t\t\t\t\t<\/div>\n\t\t<\/div>\n\t\t\t\t\t<\/div>\n\t\t<\/section>\n\t\t\t\t<section class=\"elementor-section elementor-top-section elementor-element elementor-element-8e4ab6d elementor-section-boxed elementor-section-height-default elementor-section-height-default\" data-id=\"8e4ab6d\" data-element_type=\"section\" data-e-type=\"section\" data-settings=\"{&quot;background_background&quot;:&quot;classic&quot;}\">\n\t\t\t\t\t\t<div class=\"elementor-container elementor-column-gap-default\">\n\t\t\t\t\t<div class=\"elementor-column elementor-col-100 elementor-top-column elementor-element elementor-element-212d420\" data-id=\"212d420\" data-element_type=\"column\" data-e-type=\"column\">\n\t\t\t<div class=\"elementor-widget-wrap elementor-element-populated\">\n\t\t\t\t\t\t<div class=\"elementor-element elementor-element-dd773e5 elementor-widget elementor-widget-spacer\" data-id=\"dd773e5\" data-element_type=\"widget\" data-e-type=\"widget\" data-widget_type=\"spacer.default\">\n\t\t\t\t<div class=\"elementor-widget-container\">\n\t\t\t\t\t\t\t<div class=\"elementor-spacer\">\n\t\t\t<div class=\"elementor-spacer-inner\"><\/div>\n\t\t<\/div>\n\t\t\t\t\t\t<\/div>\n\t\t\t\t<\/div>\n\t\t\t\t<div class=\"elementor-element elementor-element-1a328b6 elementor-widget elementor-widget-text-editor\" data-id=\"1a328b6\" data-element_type=\"widget\" data-e-type=\"widget\" data-widget_type=\"text-editor.default\">\n\t\t\t\t<div class=\"elementor-widget-container\">\n\t\t\t\t\t\t\t\t\t<p class=\"p1\">The HR Temporary Manager is a key figure for managing both critical scenarios and driving change to accelerate business growth.<\/p>\n\t\t\t\t\t\t\t\t<\/div>\n\t\t\t\t<\/div>\n\t\t\t\t<div class=\"elementor-element elementor-element-1f97ed4 elementor-widget elementor-widget-spacer\" data-id=\"1f97ed4\" data-element_type=\"widget\" data-e-type=\"widget\" data-widget_type=\"spacer.default\">\n\t\t\t\t<div class=\"elementor-widget-container\">\n\t\t\t\t\t\t\t<div class=\"elementor-spacer\">\n\t\t\t<div class=\"elementor-spacer-inner\"><\/div>\n\t\t<\/div>\n\t\t\t\t\t\t<\/div>\n\t\t\t\t<\/div>\n\t\t\t\t\t<\/div>\n\t\t<\/div>\n\t\t\t\t\t<\/div>\n\t\t<\/section>\n\t\t\t\t<section class=\"elementor-section elementor-top-section elementor-element elementor-element-14a398d elementor-section-boxed elementor-section-height-default elementor-section-height-default\" data-id=\"14a398d\" data-element_type=\"section\" data-e-type=\"section\">\n\t\t\t\t\t\t<div class=\"elementor-container elementor-column-gap-default\">\n\t\t\t\t\t<div class=\"elementor-column elementor-col-50 elementor-top-column elementor-element elementor-element-f38cfb6\" data-id=\"f38cfb6\" data-element_type=\"column\" data-e-type=\"column\">\n\t\t\t<div class=\"elementor-widget-wrap elementor-element-populated\">\n\t\t\t\t\t\t<div class=\"elementor-element elementor-element-4a0ebe6 elementor-widget elementor-widget-image\" data-id=\"4a0ebe6\" data-element_type=\"widget\" data-e-type=\"widget\" data-widget_type=\"image.default\">\n\t\t\t\t<div class=\"elementor-widget-container\">\n\t\t\t\t\t\t\t\t\t\t\t\t\t\t\t<img decoding=\"async\" src=\"https:\/\/dikton.it\/wp-content\/uploads\/elementor\/thumbs\/HR-r2iaujm4f3jtu1tddchgljpj3vsv9lsdwh5gyfhlvk.png\" title=\"HR\" alt=\"HR\" loading=\"lazy\" \/>\t\t\t\t\t\t\t\t\t\t\t\t\t\t\t<\/div>\n\t\t\t\t<\/div>\n\t\t\t\t\t<\/div>\n\t\t<\/div>\n\t\t\t\t<div class=\"elementor-column elementor-col-50 elementor-top-column elementor-element elementor-element-0f04adf\" data-id=\"0f04adf\" data-element_type=\"column\" data-e-type=\"column\">\n\t\t\t<div class=\"elementor-widget-wrap elementor-element-populated\">\n\t\t\t\t\t\t<div class=\"elementor-element elementor-element-4ec4ab1 elementor-widget elementor-widget-text-editor\" data-id=\"4ec4ab1\" data-element_type=\"widget\" data-e-type=\"widget\" data-widget_type=\"text-editor.default\">\n\t\t\t\t<div class=\"elementor-widget-container\">\n\t\t\t\t\t\t\t\t\t<p class=\"p1\">The HR Temporary Manager steps in for a limited period, agreed upon with the ownership, management, or entrepreneur, to <strong>manage a project with a defined start and end<\/strong>.<\/p>\n<p>Examples of scenarios that benefit from collaboration with a Temporary HR Consultant:<\/p>\n<ul>\n<li>Merger &amp; Acquisition: Integration of newly acquired entities with the parent company (processes, tools, and culture), demergers of business units, and mergers of different organizations.<\/li>\n<li>New companies needing to structure processes and build an HR department.<\/li>\n<li>Business growth phases requiring a new organizational structure.<\/li>\n<li>Creation of new processes and policies.<\/li>\n<li>Temporary replacement of key HR personnel.<\/li>\n<li>Establishing a collaborative and effective communication system amongst teams (breaking down silos).<\/li>\n<li>Internationalization and business expansion beyond national borders.<\/li>\n<li>Generational transitions or the need to initiate a process of business professionalization.<\/li>\n<li>Management crises.<\/li>\n<li>Internal restructuring programs.<\/li>\n<li>Performance decline.<\/li>\n<\/ul>\n\t\t\t\t\t\t\t\t<\/div>\n\t\t\t\t<\/div>\n\t\t\t\t<div class=\"elementor-element elementor-element-682707d elementor-widget elementor-widget-text-editor\" data-id=\"682707d\" data-element_type=\"widget\" data-e-type=\"widget\" data-widget_type=\"text-editor.default\">\n\t\t\t\t<div class=\"elementor-widget-container\">\n\t\t\t\t\t\t\t\t\t<p class=\"p1\">The HR Temporary Manager\u2019s objective is to resolve the crisis or create a new structure that allows the company to be self-sufficient and revitalized by the end of the project.<\/p>\n\t\t\t\t\t\t\t\t<\/div>\n\t\t\t\t<\/div>\n\t\t\t\t\t<\/div>\n\t\t<\/div>\n\t\t\t\t\t<\/div>\n\t\t<\/section>\n\t\t\t\t<section class=\"elementor-section elementor-top-section elementor-element elementor-element-659fe8f elementor-hidden-desktop elementor-hidden-tablet elementor-hidden-mobile elementor-section-boxed elementor-section-height-default elementor-section-height-default\" data-id=\"659fe8f\" data-element_type=\"section\" data-e-type=\"section\" data-settings=\"{&quot;background_background&quot;:&quot;classic&quot;}\">\n\t\t\t\t\t\t<div class=\"elementor-container elementor-column-gap-default\">\n\t\t\t\t\t<div class=\"elementor-column elementor-col-100 elementor-top-column elementor-element elementor-element-292959b\" data-id=\"292959b\" data-element_type=\"column\" data-e-type=\"column\">\n\t\t\t<div class=\"elementor-widget-wrap elementor-element-populated\">\n\t\t\t\t\t\t<div class=\"elementor-element elementor-element-c8d0cad elementor-widget elementor-widget-spacer\" data-id=\"c8d0cad\" data-element_type=\"widget\" data-e-type=\"widget\" data-widget_type=\"spacer.default\">\n\t\t\t\t<div class=\"elementor-widget-container\">\n\t\t\t\t\t\t\t<div class=\"elementor-spacer\">\n\t\t\t<div class=\"elementor-spacer-inner\"><\/div>\n\t\t<\/div>\n\t\t\t\t\t\t<\/div>\n\t\t\t\t<\/div>\n\t\t\t\t<div class=\"elementor-element elementor-element-4b83720 elementor-widget elementor-widget-text-editor\" data-id=\"4b83720\" data-element_type=\"widget\" data-e-type=\"widget\" data-widget_type=\"text-editor.default\">\n\t\t\t\t<div class=\"elementor-widget-container\">\n\t\t\t\t\t\t\t\t\t<p>Agire sull&#8217;organizzazione aziendale \u00e8 una scelta di correttezza.<\/p>\n<p>\u00c8 l&#8217;occasione per fare a tutti gli effetti il bene dell&#8217;azienda e dei suoi professionisti.<\/p>\n<p>\u00c8 agire da consulenti veri, valorizzando le potenzialit\u00e0 gi\u00e0 presenti e ottimizzando gli investimenti.<\/p>\n\t\t\t\t\t\t\t\t<\/div>\n\t\t\t\t<\/div>\n\t\t\t\t<div class=\"elementor-element elementor-element-89023d9 elementor-widget elementor-widget-spacer\" data-id=\"89023d9\" data-element_type=\"widget\" data-e-type=\"widget\" data-widget_type=\"spacer.default\">\n\t\t\t\t<div class=\"elementor-widget-container\">\n\t\t\t\t\t\t\t<div class=\"elementor-spacer\">\n\t\t\t<div class=\"elementor-spacer-inner\"><\/div>\n\t\t<\/div>\n\t\t\t\t\t\t<\/div>\n\t\t\t\t<\/div>\n\t\t\t\t\t<\/div>\n\t\t<\/div>\n\t\t\t\t\t<\/div>\n\t\t<\/section>\n\t\t\t\t<section class=\"elementor-section elementor-top-section elementor-element elementor-element-8c6b596 elementor-hidden-desktop elementor-hidden-tablet elementor-hidden-mobile elementor-section-boxed elementor-section-height-default elementor-section-height-default\" data-id=\"8c6b596\" data-element_type=\"section\" data-e-type=\"section\" data-settings=\"{&quot;background_background&quot;:&quot;classic&quot;}\">\n\t\t\t\t\t\t<div class=\"elementor-container elementor-column-gap-default\">\n\t\t\t\t\t<div class=\"elementor-column elementor-col-100 elementor-top-column elementor-element elementor-element-1335006\" data-id=\"1335006\" data-element_type=\"column\" data-e-type=\"column\">\n\t\t\t<div class=\"elementor-widget-wrap elementor-element-populated\">\n\t\t\t\t\t\t<div class=\"elementor-element elementor-element-526246a elementor-widget elementor-widget-heading\" data-id=\"526246a\" data-element_type=\"widget\" data-e-type=\"widget\" data-widget_type=\"heading.default\">\n\t\t\t\t<div class=\"elementor-widget-container\">\n\t\t\t\t\t<h2 class=\"elementor-heading-title elementor-size-default\">In concreto<\/h2>\t\t\t\t<\/div>\n\t\t\t\t<\/div>\n\t\t\t\t<div class=\"elementor-element elementor-element-40bcc18 elementor-widget elementor-widget-text-editor\" data-id=\"40bcc18\" data-element_type=\"widget\" data-e-type=\"widget\" data-widget_type=\"text-editor.default\">\n\t\t\t\t<div class=\"elementor-widget-container\">\n\t\t\t\t\t\t\t\t\t<p><em>Durante i colloqui con il board emerge la necessit\u00e0 di inserire un\/una direttore\/direttrice commerciale: l&#8217;analisi porta a considerare profili con una seniority media, esperienza nel settore di almeno 5 anni, portafoglio clienti consolidato, con forte carisma e attitudini alla motivazione del team. <\/em><em>Una ricerca abbastanza classica.\u00a0<\/em><\/p>\n<p><em>Ma poniamo che in organico sia gi\u00e0 presente la dottoressa Raffaella, 44 anni e assunta da 10. Conosce il mercato in grande profondit\u00e0, \u00e8 stimata dai colleghi, vuole implementare strategie di lead generation per allargare il paniere dei clienti. L&#8217;unica vera criticit\u00e0 \u00e8 rappresentata da una capacit\u00e0 di gestione del team migliorabile. Si tratta di un ostacolo insormontabile?<\/em><\/p>\n<p><em>Il compito di un consulente, in casi del genere, \u00e8 accorgersi della situazione e proporre un piccolo intervento a basso rischio (come un corso di Change Management) in luogo di un inserimento potenzialmente pi\u00f9 dannoso che benefico. Formare e promuovere la dottoressa Raffaella potrebbe essere una ottima soluzione. Ne possiamo parlare?<\/em><\/p>\n\t\t\t\t\t\t\t\t<\/div>\n\t\t\t\t<\/div>\n\t\t\t\t\t<\/div>\n\t\t<\/div>\n\t\t\t\t\t<\/div>\n\t\t<\/section>\n\t\t\t\t<\/div>\n\t\t","protected":false},"excerpt":{"rendered":"<p>HR TEMPORARY MANAGEMENT Acting on corporate organization The HR Temporary Manager is a key figure for managing both critical scenarios and driving change to accelerate business growth. The HR Temporary Manager steps in for a limited period, agreed upon with the ownership, management, or entrepreneur, to manage a project with a defined start and end. [&hellip;]<\/p>\n","protected":false},"author":2,"featured_media":2617,"parent":0,"menu_order":0,"comment_status":"closed","ping_status":"closed","template":"","meta":{"footnotes":""},"class_list":["post-3001","page","type-page","status-publish","has-post-thumbnail","hentry"],"yoast_head":"<!-- This site is optimized with the Yoast SEO plugin v27.5 - https:\/\/yoast.com\/product\/yoast-seo-wordpress\/ -->\n<title>HR Temporary Management - Dikton<\/title>\n<meta name=\"robots\" content=\"index, follow, max-snippet:-1, max-image-preview:large, max-video-preview:-1\" \/>\n<link rel=\"canonical\" href=\"https:\/\/dikton.it\/en\/hr-temporary-management\/\" \/>\n<meta property=\"og:locale\" content=\"en_US\" \/>\n<meta property=\"og:type\" content=\"article\" \/>\n<meta property=\"og:title\" content=\"HR Temporary Management - Dikton\" \/>\n<meta property=\"og:description\" content=\"HR TEMPORARY MANAGEMENT Acting on corporate organization The HR Temporary Manager is a key figure for managing both critical scenarios and driving change to accelerate business growth. The HR Temporary Manager steps in for a limited period, agreed upon with the ownership, management, or entrepreneur, to manage a project with a defined start and end. [&hellip;]\" \/>\n<meta property=\"og:url\" content=\"https:\/\/dikton.it\/en\/hr-temporary-management\/\" \/>\n<meta property=\"og:site_name\" content=\"Dikton\" \/>\n<meta property=\"article:modified_time\" content=\"2025-03-27T09:29:14+00:00\" \/>\n<meta property=\"og:image\" content=\"https:\/\/dikton.it\/wp-content\/uploads\/2020\/08\/ombrello2.jpg\" \/>\n\t<meta property=\"og:image:width\" content=\"1623\" \/>\n\t<meta property=\"og:image:height\" content=\"2338\" \/>\n\t<meta property=\"og:image:type\" content=\"image\/jpeg\" \/>\n<meta name=\"twitter:card\" content=\"summary_large_image\" \/>\n<meta name=\"twitter:label1\" content=\"Est. reading time\" \/>\n\t<meta name=\"twitter:data1\" content=\"2 minutes\" \/>\n<script type=\"application\/ld+json\" class=\"yoast-schema-graph\">{\"@context\":\"https:\\\/\\\/schema.org\",\"@graph\":[{\"@type\":\"WebPage\",\"@id\":\"https:\\\/\\\/dikton.it\\\/en\\\/hr-temporary-management\\\/\",\"url\":\"https:\\\/\\\/dikton.it\\\/en\\\/hr-temporary-management\\\/\",\"name\":\"HR Temporary Management - Dikton\",\"isPartOf\":{\"@id\":\"https:\\\/\\\/dikton.it\\\/en\\\/#website\"},\"primaryImageOfPage\":{\"@id\":\"https:\\\/\\\/dikton.it\\\/en\\\/hr-temporary-management\\\/#primaryimage\"},\"image\":{\"@id\":\"https:\\\/\\\/dikton.it\\\/en\\\/hr-temporary-management\\\/#primaryimage\"},\"thumbnailUrl\":\"https:\\\/\\\/dikton.it\\\/wp-content\\\/uploads\\\/2020\\\/08\\\/ombrello2.jpg\",\"datePublished\":\"2025-03-03T16:41:16+00:00\",\"dateModified\":\"2025-03-27T09:29:14+00:00\",\"breadcrumb\":{\"@id\":\"https:\\\/\\\/dikton.it\\\/en\\\/hr-temporary-management\\\/#breadcrumb\"},\"inLanguage\":\"en-US\",\"potentialAction\":[{\"@type\":\"ReadAction\",\"target\":[\"https:\\\/\\\/dikton.it\\\/en\\\/hr-temporary-management\\\/\"]}]},{\"@type\":\"ImageObject\",\"inLanguage\":\"en-US\",\"@id\":\"https:\\\/\\\/dikton.it\\\/en\\\/hr-temporary-management\\\/#primaryimage\",\"url\":\"https:\\\/\\\/dikton.it\\\/wp-content\\\/uploads\\\/2020\\\/08\\\/ombrello2.jpg\",\"contentUrl\":\"https:\\\/\\\/dikton.it\\\/wp-content\\\/uploads\\\/2020\\\/08\\\/ombrello2.jpg\",\"width\":1623,\"height\":2338},{\"@type\":\"BreadcrumbList\",\"@id\":\"https:\\\/\\\/dikton.it\\\/en\\\/hr-temporary-management\\\/#breadcrumb\",\"itemListElement\":[{\"@type\":\"ListItem\",\"position\":1,\"name\":\"Home\",\"item\":\"https:\\\/\\\/dikton.it\\\/en\\\/\"},{\"@type\":\"ListItem\",\"position\":2,\"name\":\"HR Temporary Management\"}]},{\"@type\":\"WebSite\",\"@id\":\"https:\\\/\\\/dikton.it\\\/en\\\/#website\",\"url\":\"https:\\\/\\\/dikton.it\\\/en\\\/\",\"name\":\"Dikton\",\"description\":\"Search, Quality, Innovation\",\"publisher\":{\"@id\":\"https:\\\/\\\/dikton.it\\\/en\\\/#organization\"},\"potentialAction\":[{\"@type\":\"SearchAction\",\"target\":{\"@type\":\"EntryPoint\",\"urlTemplate\":\"https:\\\/\\\/dikton.it\\\/en\\\/?s={search_term_string}\"},\"query-input\":{\"@type\":\"PropertyValueSpecification\",\"valueRequired\":true,\"valueName\":\"search_term_string\"}}],\"inLanguage\":\"en-US\"},{\"@type\":\"Organization\",\"@id\":\"https:\\\/\\\/dikton.it\\\/en\\\/#organization\",\"name\":\"Dikton\",\"url\":\"https:\\\/\\\/dikton.it\\\/en\\\/\",\"logo\":{\"@type\":\"ImageObject\",\"inLanguage\":\"en-US\",\"@id\":\"https:\\\/\\\/dikton.it\\\/en\\\/#\\\/schema\\\/logo\\\/image\\\/\",\"url\":\"https:\\\/\\\/dikton.it\\\/wp-content\\\/uploads\\\/2020\\\/07\\\/003_Dikton_NoL_Petrol-01.png\",\"contentUrl\":\"https:\\\/\\\/dikton.it\\\/wp-content\\\/uploads\\\/2020\\\/07\\\/003_Dikton_NoL_Petrol-01.png\",\"width\":3333,\"height\":1458,\"caption\":\"Dikton\"},\"image\":{\"@id\":\"https:\\\/\\\/dikton.it\\\/en\\\/#\\\/schema\\\/logo\\\/image\\\/\"},\"sameAs\":[\"https:\\\/\\\/www.linkedin.com\\\/company\\\/dikton\\\/\"]}]}<\/script>\n<!-- \/ Yoast SEO plugin. -->","yoast_head_json":{"title":"HR Temporary Management - Dikton","robots":{"index":"index","follow":"follow","max-snippet":"max-snippet:-1","max-image-preview":"max-image-preview:large","max-video-preview":"max-video-preview:-1"},"canonical":"https:\/\/dikton.it\/en\/hr-temporary-management\/","og_locale":"en_US","og_type":"article","og_title":"HR Temporary Management - Dikton","og_description":"HR TEMPORARY MANAGEMENT Acting on corporate organization The HR Temporary Manager is a key figure for managing both critical scenarios and driving change to accelerate business growth. The HR Temporary Manager steps in for a limited period, agreed upon with the ownership, management, or entrepreneur, to manage a project with a defined start and end. [&hellip;]","og_url":"https:\/\/dikton.it\/en\/hr-temporary-management\/","og_site_name":"Dikton","article_modified_time":"2025-03-27T09:29:14+00:00","og_image":[{"width":1623,"height":2338,"url":"https:\/\/dikton.it\/wp-content\/uploads\/2020\/08\/ombrello2.jpg","type":"image\/jpeg"}],"twitter_card":"summary_large_image","twitter_misc":{"Est. reading time":"2 minutes"},"schema":{"@context":"https:\/\/schema.org","@graph":[{"@type":"WebPage","@id":"https:\/\/dikton.it\/en\/hr-temporary-management\/","url":"https:\/\/dikton.it\/en\/hr-temporary-management\/","name":"HR Temporary Management - Dikton","isPartOf":{"@id":"https:\/\/dikton.it\/en\/#website"},"primaryImageOfPage":{"@id":"https:\/\/dikton.it\/en\/hr-temporary-management\/#primaryimage"},"image":{"@id":"https:\/\/dikton.it\/en\/hr-temporary-management\/#primaryimage"},"thumbnailUrl":"https:\/\/dikton.it\/wp-content\/uploads\/2020\/08\/ombrello2.jpg","datePublished":"2025-03-03T16:41:16+00:00","dateModified":"2025-03-27T09:29:14+00:00","breadcrumb":{"@id":"https:\/\/dikton.it\/en\/hr-temporary-management\/#breadcrumb"},"inLanguage":"en-US","potentialAction":[{"@type":"ReadAction","target":["https:\/\/dikton.it\/en\/hr-temporary-management\/"]}]},{"@type":"ImageObject","inLanguage":"en-US","@id":"https:\/\/dikton.it\/en\/hr-temporary-management\/#primaryimage","url":"https:\/\/dikton.it\/wp-content\/uploads\/2020\/08\/ombrello2.jpg","contentUrl":"https:\/\/dikton.it\/wp-content\/uploads\/2020\/08\/ombrello2.jpg","width":1623,"height":2338},{"@type":"BreadcrumbList","@id":"https:\/\/dikton.it\/en\/hr-temporary-management\/#breadcrumb","itemListElement":[{"@type":"ListItem","position":1,"name":"Home","item":"https:\/\/dikton.it\/en\/"},{"@type":"ListItem","position":2,"name":"HR Temporary Management"}]},{"@type":"WebSite","@id":"https:\/\/dikton.it\/en\/#website","url":"https:\/\/dikton.it\/en\/","name":"Dikton","description":"Search, Quality, Innovation","publisher":{"@id":"https:\/\/dikton.it\/en\/#organization"},"potentialAction":[{"@type":"SearchAction","target":{"@type":"EntryPoint","urlTemplate":"https:\/\/dikton.it\/en\/?s={search_term_string}"},"query-input":{"@type":"PropertyValueSpecification","valueRequired":true,"valueName":"search_term_string"}}],"inLanguage":"en-US"},{"@type":"Organization","@id":"https:\/\/dikton.it\/en\/#organization","name":"Dikton","url":"https:\/\/dikton.it\/en\/","logo":{"@type":"ImageObject","inLanguage":"en-US","@id":"https:\/\/dikton.it\/en\/#\/schema\/logo\/image\/","url":"https:\/\/dikton.it\/wp-content\/uploads\/2020\/07\/003_Dikton_NoL_Petrol-01.png","contentUrl":"https:\/\/dikton.it\/wp-content\/uploads\/2020\/07\/003_Dikton_NoL_Petrol-01.png","width":3333,"height":1458,"caption":"Dikton"},"image":{"@id":"https:\/\/dikton.it\/en\/#\/schema\/logo\/image\/"},"sameAs":["https:\/\/www.linkedin.com\/company\/dikton\/"]}]}},"_links":{"self":[{"href":"https:\/\/dikton.it\/en\/wp-json\/wp\/v2\/pages\/3001","targetHints":{"allow":["GET"]}}],"collection":[{"href":"https:\/\/dikton.it\/en\/wp-json\/wp\/v2\/pages"}],"about":[{"href":"https:\/\/dikton.it\/en\/wp-json\/wp\/v2\/types\/page"}],"author":[{"embeddable":true,"href":"https:\/\/dikton.it\/en\/wp-json\/wp\/v2\/users\/2"}],"replies":[{"embeddable":true,"href":"https:\/\/dikton.it\/en\/wp-json\/wp\/v2\/comments?post=3001"}],"version-history":[{"count":0,"href":"https:\/\/dikton.it\/en\/wp-json\/wp\/v2\/pages\/3001\/revisions"}],"wp:featuredmedia":[{"embeddable":true,"href":"https:\/\/dikton.it\/en\/wp-json\/wp\/v2\/media\/2617"}],"wp:attachment":[{"href":"https:\/\/dikton.it\/en\/wp-json\/wp\/v2\/media?parent=3001"}],"curies":[{"name":"wp","href":"https:\/\/api.w.org\/{rel}","templated":true}]}}